{"id":4114,"date":"2018-12-20T04:27:24","date_gmt":"2018-12-20T03:27:24","guid":{"rendered":"https:\/\/luxuryvillaistria.com\/kontakt\/"},"modified":"2024-04-09T13:22:29","modified_gmt":"2024-04-09T11:22:29","slug":"contact","status":"publish","type":"page","link":"https:\/\/luxuryvillaistria.com\/en\/contact\/","title":{"rendered":"Contact"},"content":{"rendered":"\t\t<div data-elementor-type=\"wp-post\" data-elementor-id=\"4114\" class=\"elementor elementor-4114 elementor-26\">\n\t\t\t\t\t\t<section class=\"elementor-section elementor-top-section elementor-element elementor-element-083aa86 elementor-section-stretched elementor-section-content-top elementor-section-boxed elementor-section-height-default elementor-section-height-default\" data-id=\"083aa86\" data-element_type=\"section\" data-settings=\"{&quot;stretch_section&quot;:&quot;section-stretched&quot;}\">\n\t\t\t\t\t\t<div class=\"elementor-container elementor-column-gap-no\">\n\t\t\t\t\t<div class=\"elementor-column elementor-col-33 elementor-top-column elementor-element elementor-element-c3911fe\" data-id=\"c3911fe\" data-element_type=\"column\">\n\t\t\t<div class=\"elementor-widget-wrap elementor-element-populated\">\n\t\t\t\t\t\t<div class=\"elementor-element elementor-element-1cfe0af elementor-view-default elementor-widget elementor-widget-icon\" data-id=\"1cfe0af\" data-element_type=\"widget\" data-widget_type=\"icon.default\">\n\t\t\t\t<div class=\"elementor-widget-container\">\n\t\t\t\t\t<div class=\"elementor-icon-wrapper\">\n\t\t\t<div class=\"elementor-icon\">\n\t\t\t\t\t\t\t<i class=\"opal-icon-phone\" aria-hidden=\"true\"><\/i>\n\t\t\t\t\t\t<\/div>\n\t\t<\/div>\n\t\t\t\t<\/div>\n\t\t\t\t<\/div>\n\t\t\t\t<div class=\"elementor-element elementor-element-dfc01df elementor-widget elementor-widget-text-editor\" data-id=\"dfc01df\" data-element_type=\"widget\" data-widget_type=\"text-editor.default\">\n\t\t\t\t<div class=\"elementor-widget-container\">\n\t\t\t<style>\/*! elementor - v3.19.0 - 07-02-2024 *\/\n.elementor-widget-text-editor.elementor-drop-cap-view-stacked .elementor-drop-cap{background-color:#69727d;color:#fff}.elementor-widget-text-editor.elementor-drop-cap-view-framed .elementor-drop-cap{color:#69727d;border:3px solid;background-color:transparent}.elementor-widget-text-editor:not(.elementor-drop-cap-view-default) .elementor-drop-cap{margin-top:8px}.elementor-widget-text-editor:not(.elementor-drop-cap-view-default) .elementor-drop-cap-letter{width:1em;height:1em}.elementor-widget-text-editor .elementor-drop-cap{float:left;text-align:center;line-height:1;font-size:50px}.elementor-widget-text-editor .elementor-drop-cap-letter{display:inline-block}<\/style>\t\t\t\t<p>Phone:<\/p>\n\t\t\t\t\t\t<\/div>\n\t\t\t\t<\/div>\n\t\t\t\t<div class=\"elementor-element elementor-element-97ceafd elementor-widget elementor-widget-text-editor\" data-id=\"97ceafd\" data-element_type=\"widget\" data-widget_type=\"text-editor.default\">\n\t\t\t\t<div class=\"elementor-widget-container\">\n\t\t\t\t\t\t\t<p><a href=\"tel:+385916262386\">+385 91 626 2386<\/a><\/p>\n\t\t\t\t\t\t<\/div>\n\t\t\t\t<\/div>\n\t\t\t\t<div class=\"elementor-element elementor-element-6c77ef7 elementor-widget elementor-widget-text-editor\" data-id=\"6c77ef7\" data-element_type=\"widget\" data-widget_type=\"text-editor.default\">\n\t\t\t\t<div class=\"elementor-widget-container\">\n\t\t\t\t\t\t\t<p><a href=\"tel:+385913048560\">+385 91 304 8560<\/a><\/p>\n\t\t\t\t\t\t<\/div>\n\t\t\t\t<\/div>\n\t\t\t\t\t<\/div>\n\t\t<\/div>\n\t\t\t\t<div class=\"elementor-column elementor-col-33 elementor-top-column elementor-element elementor-element-b97349b\" data-id=\"b97349b\" data-element_type=\"column\">\n\t\t\t<div class=\"elementor-widget-wrap elementor-element-populated\">\n\t\t\t\t\t\t<div class=\"elementor-element elementor-element-9e6c945 elementor-view-default elementor-widget elementor-widget-icon\" data-id=\"9e6c945\" data-element_type=\"widget\" data-widget_type=\"icon.default\">\n\t\t\t\t<div class=\"elementor-widget-container\">\n\t\t\t\t\t<div class=\"elementor-icon-wrapper\">\n\t\t\t<div class=\"elementor-icon\">\n\t\t\t\t\t\t\t<i class=\"opal-icon-point\" aria-hidden=\"true\"><\/i>\n\t\t\t\t\t\t<\/div>\n\t\t<\/div>\n\t\t\t\t<\/div>\n\t\t\t\t<\/div>\n\t\t\t\t<div class=\"elementor-element elementor-element-39f0fb7 elementor-widget elementor-widget-text-editor\" data-id=\"39f0fb7\" data-element_type=\"widget\" data-widget_type=\"text-editor.default\">\n\t\t\t\t<div class=\"elementor-widget-container\">\n\t\t\t\t\t\t\t<p>Address:<\/p>\n\t\t\t\t\t\t<\/div>\n\t\t\t\t<\/div>\n\t\t\t\t<div class=\"elementor-element elementor-element-251540d elementor-widget elementor-widget-text-editor\" data-id=\"251540d\" data-element_type=\"widget\" data-widget_type=\"text-editor.default\">\n\t\t\t\t<div class=\"elementor-widget-container\">\n\t\t\t\t\t\t\t<p><a href=\"https:\/\/maps.app.goo.gl\/YX7G1V4q5cK7G6zZ8\">Mije Percana-Rakalj, 52208, Pula, Croatia<\/a><\/p>\n\t\t\t\t\t\t<\/div>\n\t\t\t\t<\/div>\n\t\t\t\t\t<\/div>\n\t\t<\/div>\n\t\t\t\t<div class=\"elementor-column elementor-col-33 elementor-top-column elementor-element elementor-element-fbcbaa5\" data-id=\"fbcbaa5\" data-element_type=\"column\">\n\t\t\t<div class=\"elementor-widget-wrap elementor-element-populated\">\n\t\t\t\t\t\t<div class=\"elementor-element elementor-element-a9ad5b9 elementor-view-default elementor-widget elementor-widget-icon\" data-id=\"a9ad5b9\" data-element_type=\"widget\" data-widget_type=\"icon.default\">\n\t\t\t\t<div class=\"elementor-widget-container\">\n\t\t\t\t\t<div class=\"elementor-icon-wrapper\">\n\t\t\t<div class=\"elementor-icon\">\n\t\t\t<i aria-hidden=\"true\" class=\"opal-icon- opal-icon-envelope\"><\/i>\t\t\t<\/div>\n\t\t<\/div>\n\t\t\t\t<\/div>\n\t\t\t\t<\/div>\n\t\t\t\t<div class=\"elementor-element elementor-element-2dfe407 elementor-widget elementor-widget-text-editor\" data-id=\"2dfe407\" data-element_type=\"widget\" data-widget_type=\"text-editor.default\">\n\t\t\t\t<div class=\"elementor-widget-container\">\n\t\t\t\t\t\t\t<p>E-mail:<\/p>\n\t\t\t\t\t\t<\/div>\n\t\t\t\t<\/div>\n\t\t\t\t<div class=\"elementor-element elementor-element-1391e16 elementor-widget elementor-widget-text-editor\" data-id=\"1391e16\" data-element_type=\"widget\" data-widget_type=\"text-editor.default\">\n\t\t\t\t<div class=\"elementor-widget-container\">\n\t\t\t\t\t\t\t<p><a class=\"c-link\" href=\"mailto:villa.nalani2021@gmail.com\" target=\"_blank\" rel=\"noopener noreferrer\" data-stringify-link=\"mailto:villa.nalani2021@gmail.com\" data-sk=\"tooltip_parent\" aria-haspopup=\"menu\">villa.nalani2021@gmail.com<\/a><\/p>\n\t\t\t\t\t\t<\/div>\n\t\t\t\t<\/div>\n\t\t\t\t\t<\/div>\n\t\t<\/div>\n\t\t\t\t\t<\/div>\n\t\t<\/section>\n\t\t\t\t<section class=\"elementor-section elementor-top-section elementor-element elementor-element-3b35228 elementor-section-stretched elementor-section-full_width elementor-section-height-default elementor-section-height-default\" data-id=\"3b35228\" data-element_type=\"section\" data-settings=\"{&quot;stretch_section&quot;:&quot;section-stretched&quot;}\">\n\t\t\t\t\t\t<div class=\"elementor-container elementor-column-gap-no\">\n\t\t\t\t\t<div class=\"elementor-column elementor-col-100 elementor-top-column elementor-element elementor-element-32e3cc1\" data-id=\"32e3cc1\" data-element_type=\"column\">\n\t\t\t<div class=\"elementor-widget-wrap elementor-element-populated\">\n\t\t\t\t<div class=\"elementor-element elementor-element-35c03e2 e-con-full e-flex e-con e-parent\" data-id=\"35c03e2\" data-element_type=\"container\" data-settings=\"{&quot;content_width&quot;:&quot;full&quot;}\" data-core-v316-plus=\"true\">\n\t\t\t\t<div class=\"elementor-element elementor-element-f4bc6d3 elementor-widget elementor-widget-osm-map-elementor\" data-id=\"f4bc6d3\" data-element_type=\"widget\" data-widget_type=\"osm-map-elementor.default\">\n\t\t\t\t<div class=\"elementor-widget-container\">\n\t\t\t<div id=\"osm-map-f4bc6d3\" \n        class=\"osm-map-container\" \n        data-center=\"44.98505,14.04077\"><\/div>        <script type=\"text\/javascript\">\n                    <\/script>\n        \t\t<\/div>\n\t\t\t\t<\/div>\n\t\t\t\t<\/div>\n\t\t\t\t\t<\/div>\n\t\t<\/div>\n\t\t\t\t\t<\/div>\n\t\t<\/section>\n\t\t\t\t<section class=\"elementor-section elementor-top-section elementor-element elementor-element-4abea33 elementor-section-stretched elementor-section-boxed elementor-section-height-default elementor-section-height-default\" data-id=\"4abea33\" data-element_type=\"section\" data-settings=\"{&quot;stretch_section&quot;:&quot;section-stretched&quot;}\">\n\t\t\t\t\t\t<div class=\"elementor-container elementor-column-gap-no\">\n\t\t\t\t\t<div class=\"elementor-column elementor-col-100 elementor-top-column elementor-element elementor-element-0ca9df3\" data-id=\"0ca9df3\" data-element_type=\"column\">\n\t\t\t<div class=\"elementor-widget-wrap elementor-element-populated\">\n\t\t\t\t\t\t<div class=\"elementor-element elementor-element-302ff4e elementor-heading__align-center elementor-widget elementor-widget-heading\" data-id=\"302ff4e\" data-element_type=\"widget\" data-widget_type=\"heading.default\">\n\t\t\t\t<div class=\"elementor-widget-container\">\n\t\t\t<style>\/*! elementor - v3.19.0 - 07-02-2024 *\/\n.elementor-heading-title{padding:0;margin:0;line-height:1}.elementor-widget-heading .elementor-heading-title[class*=elementor-size-]>a{color:inherit;font-size:inherit;line-height:inherit}.elementor-widget-heading .elementor-heading-title.elementor-size-small{font-size:15px}.elementor-widget-heading .elementor-heading-title.elementor-size-medium{font-size:19px}.elementor-widget-heading .elementor-heading-title.elementor-size-large{font-size:29px}.elementor-widget-heading .elementor-heading-title.elementor-size-xl{font-size:39px}.elementor-widget-heading .elementor-heading-title.elementor-size-xxl{font-size:59px}<\/style><h2 class=\"elementor-heading-title elementor-size-default\">Contact us!<\/h2>\t\t<\/div>\n\t\t\t\t<\/div>\n\t\t\t\t<div class=\"elementor-element elementor-element-f2c8563 elementor-align-center elementor-widget elementor-widget-opal-contactform7\" data-id=\"f2c8563\" data-element_type=\"widget\" data-widget_type=\"opal-contactform7.default\">\n\t\t\t\t<div class=\"elementor-widget-container\">\n\t\t\t\n<div class=\"wpcf7 no-js\" id=\"wpcf7-f4144-o1\" lang=\"en-US\" dir=\"ltr\">\n<div class=\"screen-reader-response\"><p role=\"status\" aria-live=\"polite\" aria-atomic=\"true\"><\/p> <ul><\/ul><\/div>\n<form action=\"\/en\/wp-json\/wp\/v2\/pages\/4114#wpcf7-f4144-o1\" method=\"post\" class=\"wpcf7-form init\" aria-label=\"Contact form\" novalidate=\"novalidate\" data-status=\"init\">\n<div style=\"display: none;\">\n<input type=\"hidden\" name=\"_wpcf7\" value=\"4144\" \/>\n<input type=\"hidden\" name=\"_wpcf7_version\" value=\"5.9.6\" \/>\n<input type=\"hidden\" name=\"_wpcf7_locale\" value=\"en_US\" \/>\n<input type=\"hidden\" name=\"_wpcf7_unit_tag\" value=\"wpcf7-f4144-o1\" \/>\n<input type=\"hidden\" name=\"_wpcf7_container_post\" value=\"0\" \/>\n<input type=\"hidden\" name=\"_wpcf7_posted_data_hash\" value=\"\" \/>\n<input type=\"hidden\" name=\"_wpcf7_recaptcha_response\" value=\"\" \/>\n<\/div>\n<p><label> Your name<br \/>\n<span class=\"wpcf7-form-control-wrap\" data-name=\"your-name\"><input size=\"40\" maxlength=\"80\" class=\"wpcf7-form-control wpcf7-text wpcf7-validates-as-required\" autocomplete=\"name\" aria-required=\"true\" aria-invalid=\"false\" value=\"\" type=\"text\" name=\"your-name\" \/><\/span> <\/label>\n<\/p>\n<p><label> Your email<br \/>\n<span class=\"wpcf7-form-control-wrap\" data-name=\"your-email\"><input size=\"40\" maxlength=\"80\" class=\"wpcf7-form-control wpcf7-email wpcf7-validates-as-required wpcf7-text wpcf7-validates-as-email\" autocomplete=\"email\" aria-required=\"true\" aria-invalid=\"false\" value=\"\" type=\"email\" name=\"your-email\" \/><\/span> <\/label>\n<\/p>\n<p><label> Phone<br \/>\n<span class=\"wpcf7-form-control-wrap\" data-name=\"your-phone\"><input size=\"40\" maxlength=\"80\" class=\"wpcf7-form-control wpcf7-text wpcf7-validates-as-required\" aria-required=\"true\" aria-invalid=\"false\" value=\"\" type=\"text\" name=\"your-phone\" \/><\/span> <\/label>\n<\/p>\n<p><label> Your message<br \/>\n<span class=\"wpcf7-form-control-wrap\" data-name=\"your-message\"><textarea cols=\"40\" rows=\"10\" maxlength=\"400\" class=\"wpcf7-form-control wpcf7-textarea wpcf7-validates-as-required\" aria-required=\"true\" aria-invalid=\"false\" name=\"your-message\"><\/textarea><\/span> <\/label>\n<\/p>\n<p><input class=\"wpcf7-form-control wpcf7-submit has-spinner\" type=\"submit\" value=\"Send\" \/>\n<\/p><div class=\"wpcf7-response-output\" aria-hidden=\"true\"><\/div>\n<\/form>\n<\/div>\n\t\t<\/div>\n\t\t\t\t<\/div>\n\t\t\t\t\t<\/div>\n\t\t<\/div>\n\t\t\t\t\t<\/div>\n\t\t<\/section>\n\t\t\t\t<\/div>\n\t\t","protected":false},"excerpt":{"rendered":"<p>Phone: +385 91 626 2386 +385 91 304 8560 Address: Mije Percana-Rakalj, 52208, Pula, Croatia E-mail: villa.nalani2021@gmail.com Contact us! Va\u0161e ime Va\u0161 email Telefon Va\u0161a poruka<\/p>\n","protected":false},"author":1,"featured_media":0,"parent":0,"menu_order":0,"comment_status":"closed","ping_status":"closed","template":"page-elementor.php","meta":{"inline_featured_image":false,"footnotes":""},"class_list":["post-4114","page","type-page","status-publish","hentry"],"yoast_head":"<!-- This site is optimized with the Yoast SEO plugin v22.9 - https:\/\/yoast.com\/wordpress\/plugins\/seo\/ -->\n<title>Contact - Luxury Villa in Istria for Rent - Nalani<\/title>\n<meta name=\"description\" content=\"Contact - Villa Nalani delights with its sophisticated design, a combination of modern luxury and authentic Mediterranean elements.\" \/>\n<meta name=\"robots\" content=\"index, follow, max-snippet:-1, max-image-preview:large, max-video-preview:-1\" \/>\n<link rel=\"canonical\" href=\"https:\/\/luxuryvillaistria.com\/en\/contact\/\" \/>\n<meta property=\"og:locale\" content=\"en_US\" \/>\n<meta property=\"og:type\" content=\"article\" \/>\n<meta property=\"og:title\" content=\"Contact - Luxury Villa in Istria for Rent - Nalani\" \/>\n<meta property=\"og:description\" content=\"Contact - Villa Nalani delights with its sophisticated design, a combination of modern luxury and authentic Mediterranean elements.\" \/>\n<meta property=\"og:url\" content=\"https:\/\/luxuryvillaistria.com\/en\/contact\/\" \/>\n<meta property=\"og:site_name\" content=\"Nalani\" \/>\n<meta property=\"article:modified_time\" content=\"2024-04-09T11:22:29+00:00\" \/>\n<meta name=\"twitter:card\" content=\"summary_large_image\" \/>\n<meta name=\"twitter:label1\" content=\"Est. reading time\" \/>\n\t<meta name=\"twitter:data1\" content=\"1 minute\" \/>\n<script type=\"application\/ld+json\" class=\"yoast-schema-graph\">{\"@context\":\"https:\/\/schema.org\",\"@graph\":[{\"@type\":\"WebPage\",\"@id\":\"https:\/\/luxuryvillaistria.com\/en\/contact\/\",\"url\":\"https:\/\/luxuryvillaistria.com\/en\/contact\/\",\"name\":\"Contact - Luxury Villa in Istria for Rent - Nalani\",\"isPartOf\":{\"@id\":\"https:\/\/luxuryvillaistria.com\/en\/#website\"},\"datePublished\":\"2018-12-20T03:27:24+00:00\",\"dateModified\":\"2024-04-09T11:22:29+00:00\",\"description\":\"Contact - Villa Nalani delights with its sophisticated design, a combination of modern luxury and authentic Mediterranean elements.\",\"breadcrumb\":{\"@id\":\"https:\/\/luxuryvillaistria.com\/en\/contact\/#breadcrumb\"},\"inLanguage\":\"en-US\",\"potentialAction\":[{\"@type\":\"ReadAction\",\"target\":[\"https:\/\/luxuryvillaistria.com\/en\/contact\/\"]}]},{\"@type\":\"BreadcrumbList\",\"@id\":\"https:\/\/luxuryvillaistria.com\/en\/contact\/#breadcrumb\",\"itemListElement\":[{\"@type\":\"ListItem\",\"position\":1,\"name\":\"Home\",\"item\":\"https:\/\/luxuryvillaistria.com\/en\/\"},{\"@type\":\"ListItem\",\"position\":2,\"name\":\"Contact\"}]},{\"@type\":\"WebSite\",\"@id\":\"https:\/\/luxuryvillaistria.com\/en\/#website\",\"url\":\"https:\/\/luxuryvillaistria.com\/en\/\",\"name\":\"Nalani\",\"description\":\"\",\"publisher\":{\"@id\":\"https:\/\/luxuryvillaistria.com\/en\/#organization\"},\"potentialAction\":[{\"@type\":\"SearchAction\",\"target\":{\"@type\":\"EntryPoint\",\"urlTemplate\":\"https:\/\/luxuryvillaistria.com\/en\/?s={search_term_string}\"},\"query-input\":\"required name=search_term_string\"}],\"inLanguage\":\"en-US\"},{\"@type\":\"Organization\",\"@id\":\"https:\/\/luxuryvillaistria.com\/en\/#organization\",\"name\":\"Nalani\",\"url\":\"https:\/\/luxuryvillaistria.com\/en\/\",\"logo\":{\"@type\":\"ImageObject\",\"inLanguage\":\"en-US\",\"@id\":\"https:\/\/luxuryvillaistria.com\/en\/#\/schema\/logo\/image\/\",\"url\":\"https:\/\/luxuryvillaistria.com\/wp-content\/uploads\/2024\/01\/villa-nalani-logo.png\",\"contentUrl\":\"https:\/\/luxuryvillaistria.com\/wp-content\/uploads\/2024\/01\/villa-nalani-logo.png\",\"width\":480,\"height\":50,\"caption\":\"Nalani\"},\"image\":{\"@id\":\"https:\/\/luxuryvillaistria.com\/en\/#\/schema\/logo\/image\/\"}}]}<\/script>\n<!-- \/ Yoast SEO plugin. -->","yoast_head_json":{"title":"Contact - Luxury Villa in Istria for Rent - Nalani","description":"Contact - Villa Nalani delights with its sophisticated design, a combination of modern luxury and authentic Mediterranean elements.","robots":{"index":"index","follow":"follow","max-snippet":"max-snippet:-1","max-image-preview":"max-image-preview:large","max-video-preview":"max-video-preview:-1"},"canonical":"https:\/\/luxuryvillaistria.com\/en\/contact\/","og_locale":"en_US","og_type":"article","og_title":"Contact - Luxury Villa in Istria for Rent - Nalani","og_description":"Contact - Villa Nalani delights with its sophisticated design, a combination of modern luxury and authentic Mediterranean elements.","og_url":"https:\/\/luxuryvillaistria.com\/en\/contact\/","og_site_name":"Nalani","article_modified_time":"2024-04-09T11:22:29+00:00","twitter_card":"summary_large_image","twitter_misc":{"Est. reading time":"1 minute"},"schema":{"@context":"https:\/\/schema.org","@graph":[{"@type":"WebPage","@id":"https:\/\/luxuryvillaistria.com\/en\/contact\/","url":"https:\/\/luxuryvillaistria.com\/en\/contact\/","name":"Contact - Luxury Villa in Istria for Rent - Nalani","isPartOf":{"@id":"https:\/\/luxuryvillaistria.com\/en\/#website"},"datePublished":"2018-12-20T03:27:24+00:00","dateModified":"2024-04-09T11:22:29+00:00","description":"Contact - Villa Nalani delights with its sophisticated design, a combination of modern luxury and authentic Mediterranean elements.","breadcrumb":{"@id":"https:\/\/luxuryvillaistria.com\/en\/contact\/#breadcrumb"},"inLanguage":"en-US","potentialAction":[{"@type":"ReadAction","target":["https:\/\/luxuryvillaistria.com\/en\/contact\/"]}]},{"@type":"BreadcrumbList","@id":"https:\/\/luxuryvillaistria.com\/en\/contact\/#breadcrumb","itemListElement":[{"@type":"ListItem","position":1,"name":"Home","item":"https:\/\/luxuryvillaistria.com\/en\/"},{"@type":"ListItem","position":2,"name":"Contact"}]},{"@type":"WebSite","@id":"https:\/\/luxuryvillaistria.com\/en\/#website","url":"https:\/\/luxuryvillaistria.com\/en\/","name":"Nalani","description":"","publisher":{"@id":"https:\/\/luxuryvillaistria.com\/en\/#organization"},"potentialAction":[{"@type":"SearchAction","target":{"@type":"EntryPoint","urlTemplate":"https:\/\/luxuryvillaistria.com\/en\/?s={search_term_string}"},"query-input":"required name=search_term_string"}],"inLanguage":"en-US"},{"@type":"Organization","@id":"https:\/\/luxuryvillaistria.com\/en\/#organization","name":"Nalani","url":"https:\/\/luxuryvillaistria.com\/en\/","logo":{"@type":"ImageObject","inLanguage":"en-US","@id":"https:\/\/luxuryvillaistria.com\/en\/#\/schema\/logo\/image\/","url":"https:\/\/luxuryvillaistria.com\/wp-content\/uploads\/2024\/01\/villa-nalani-logo.png","contentUrl":"https:\/\/luxuryvillaistria.com\/wp-content\/uploads\/2024\/01\/villa-nalani-logo.png","width":480,"height":50,"caption":"Nalani"},"image":{"@id":"https:\/\/luxuryvillaistria.com\/en\/#\/schema\/logo\/image\/"}}]}},"_links":{"self":[{"href":"https:\/\/luxuryvillaistria.com\/en\/wp-json\/wp\/v2\/pages\/4114","targetHints":{"allow":["GET"]}}],"collection":[{"href":"https:\/\/luxuryvillaistria.com\/en\/wp-json\/wp\/v2\/pages"}],"about":[{"href":"https:\/\/luxuryvillaistria.com\/en\/wp-json\/wp\/v2\/types\/page"}],"author":[{"embeddable":true,"href":"https:\/\/luxuryvillaistria.com\/en\/wp-json\/wp\/v2\/users\/1"}],"replies":[{"embeddable":true,"href":"https:\/\/luxuryvillaistria.com\/en\/wp-json\/wp\/v2\/comments?post=4114"}],"version-history":[{"count":5,"href":"https:\/\/luxuryvillaistria.com\/en\/wp-json\/wp\/v2\/pages\/4114\/revisions"}],"predecessor-version":[{"id":4199,"href":"https:\/\/luxuryvillaistria.com\/en\/wp-json\/wp\/v2\/pages\/4114\/revisions\/4199"}],"wp:attachment":[{"href":"https:\/\/luxuryvillaistria.com\/en\/wp-json\/wp\/v2\/media?parent=4114"}],"curies":[{"name":"wp","href":"https:\/\/api.w.org\/{rel}","templated":true}]}}